{"id":2067,"date":"2023-02-02T09:52:22","date_gmt":"2023-02-02T14:52:22","guid":{"rendered":"https:\/\/ccibvhsl.ca\/?page_id=2067"},"modified":"2023-02-02T09:52:22","modified_gmt":"2023-02-02T14:52:22","slug":"communications-2","status":"publish","type":"page","link":"https:\/\/dev.sltm.ca\/?page_id=2067","title":{"rendered":"Communications"},"content":{"rendered":"<p>[vc_row][vc_column][vc_single_image image=&#8221;2071&#8243; img_size=&#8221;large&#8221;][\/vc_column][\/vc_row][vc_row][vc_column][vc_column_text]<\/p>\n<h2 style=\"text-align: center;\">PROJET DE LOI N\u00b02 SUR LES TARIFS D\u2019\u00c9LECTRICIT\u00c9<\/h2>\n<p>&nbsp;<\/p>\n<p><strong>La hausse des tarifs d\u2019\u00e9lectricit\u00e9 limit\u00e9e \u00e0 3% doit \u00eatre \u00e9tendue aux entreprises, selon la FCCQ et la Chambre de commerce et d\u2019industrie Beauharnois-Valleyfield-Haut-Saint-Laurent<\/strong><\/p>\n<p><strong>\u00a0<\/strong><strong>Montr\u00e9al, le 1<sup>er<\/sup> f\u00e9vrier 2023<\/strong> \u2013 La F\u00e9d\u00e9ration des chambres de commerce du Qu\u00e9bec (FCCQ) et la Chambre de commerce et d\u2019industrie Beauharnois-Valleyfield-Haut-Saint-Laurent recommandent de limiter \u00e0 3% la hausse des tarifs d\u2019\u00e9lectricit\u00e9 pr\u00e9vue cette ann\u00e9e pour les entreprises qu\u00e9b\u00e9coises, au m\u00eame titre que les clients r\u00e9sidentiels, afin d\u2019att\u00e9nuer les impacts de l\u2019inflation. C\u2019est ce que la FCCQ a pr\u00e9sent\u00e9 au ministre de l\u2019\u00c9conomie, de l\u2019Innovation et de l\u2019\u00c9nergie, Pierre Fitzgibbon, et aux parlementaires pr\u00e9sents lors de sa participation aux consultations publiques sur le projet de loi n\u00b0 2 \u00e0 l\u2019Assembl\u00e9e nationale.<\/p>\n<p>Le m\u00e9moire de la FCCQ peut \u00eatre consult\u00e9 en ligne <a href=\"https:\/\/www1.fccq.ca\/wp-content\/uploads\/2023\/01\/Memoire-FCCQ-PL-2-Tarifs-delectricite-janvier-2023-VF.pdf\">ici<\/a>.<\/p>\n<p>\u00abConsid\u00e9rant la situation \u00e9conomique acutelle, le gouvernement doit s\u2019assurer que la hausse des tarifs d\u2019\u00e9lectricit\u00e9 ne devienne pas un fardeau suppl\u00e9mentaire pour les entrepreneurs. Sans un plafonnement des tarifs, la r\u00e9tention d\u2019entreprises et le d\u00e9veloppement g\u00e9n\u00e9ral du tissu entrepreneurial de la r\u00e9gion serait n\u00e9gativement affect\u00e9.\u00bb<\/p>\n<p>Madame Eliane Galipeau, directrice g\u00e9n\u00e9rale<\/p>\n<p>\u00ab\u00a0Nous regrettons de constater que le projet de loi n\u00b0 2 dans son \u00e9tat actuel entra\u00eenerait des hausses de tarifs d\u2019\u00e9lectricit\u00e9 allant de 4,2 \u00e0 6,4 % pour les entreprises qu\u00e9b\u00e9coises. Cette absence de consid\u00e9ration soul\u00e8ve du m\u00e9contentement des entrepreneurs, de la PME jusqu&#8217;\u00e0 la grande entreprise \u00bb, a affirm\u00e9 Charles Milliard, pr\u00e9sident-directeur g\u00e9n\u00e9ral de la FCCQ.<\/p>\n<p>\u00ab\u00a0Pourtant, les entreprises doivent composer avec une augmentation des co\u00fbts des mati\u00e8res premi\u00e8res, de la main-d&#8217;\u0153uvre, du transport et des d\u00e9placements des marchandises, de la production, et ce, tout en devant pr\u00e9senter des prix plus \u00e9lev\u00e9s pour les consommateurs. Dans une perspective d\u2019\u00e9quit\u00e9, nous recommandons au gouvernement de limiter ces hausses de tarif \u00e0 3%, comme pour les particuliers\u00a0\u00bb, a r\u00e9clam\u00e9 M. Milliard.<\/p>\n<p>Rappelons que, dans la forme actuelle, le projet de loi n\u00b02 limite \u00e0 3 % la hausse des tarifs d\u2019\u00e9lectricit\u00e9 des particuliers, c\u2019est-\u00e0-dire principalement la client\u00e8le \u00ab\u00a0r\u00e9sidentielle\u00a0\u00bb. La client\u00e8le \u00ab\u00a0affaires\u00a0\u00bb, incluant les clients industriels de moyenne puissance (tarif M) et grande puissance (tarif L) ne serait pas assujettie \u00e0 cette limite.<\/p>\n<p><strong>Projets de plus 5 m\u00e9gawatts<\/strong><\/p>\n<p>Le projet de loi n\u00b0 2 pr\u00e9voit \u00e9galement que d\u00e9sormais, tout projet de plus de 5 m\u00e9gawatts (MW) se voit dans l\u2019obligation d\u2019obtenir l\u2019autorisation du ministre pour recevoir une distribution d\u2019\u00e9lectricit\u00e9 de la part d\u2019Hydro-Qu\u00e9bec. Consid\u00e9rant les d\u00e9fis auxquels Hydro-Qu\u00e9bec est confront\u00e9e pour les prochaines ann\u00e9es en mati\u00e8re de gestion \u00e9nerg\u00e9tique, la FCCQ peut tr\u00e8s bien comprendre la soci\u00e9t\u00e9 d\u2019\u00c9tat de vouloir ne plus \u00eatre oblig\u00e9e d\u2019aller de l\u2019avant avec tous les projets de plus de 5 MW qui l\u2019\u00e9loigneraient de ses objectifs du plan strat\u00e9gique 2022-2026.<\/p>\n<p>Toutefois, cette disposition soul\u00e8ve des questionnements et des pr\u00e9occupations chez des entreprises, \u00e0 moyen et long terme. Cet article am\u00e8ne une perception qu\u2019une porte pourrait \u00e9ventuellement \u00eatre ouverte \u00e0 des interventions politiques prises sur des bases id\u00e9ologiques et contraires \u00e0 la croissance \u00e9conomique et aux int\u00e9r\u00eats du Qu\u00e9bec.<\/p>\n<p>\u00ab\u00a0Par souci de transparence et pour \u00e9viter une \u00e9valuation politique des projets, on recommande ainsi au gouvernement de pr\u00e9ciser par voie r\u00e8glementaire d\u00e8s que possible les crit\u00e8res d\u2019\u00e9valuation, ainsi que la pond\u00e9ration qui seront utilis\u00e9s par le ministre de l\u2019\u00c9conomie, de l\u2019Innovation et de l\u2019\u00c9nergie, pour d\u00e9terminer la proportion entre les retomb\u00e9es \u00e9conomiques et les crit\u00e8res sociaux et environnementaux, en plus des capacit\u00e9s techniques du demandeur\u00a0\u00bb, a conclu Charles Milliard.<\/p>\n<p><strong>\u00c0 propos de la F\u00e9d\u00e9ration des chambres de commerce du Qu\u00e9bec (FCCQ) <\/strong><\/p>\n<p>Gr\u00e2ce \u00e0 son vaste r\u00e9seau de 120\u00a0chambres de commerce et 1\u2009200\u00a0membres corporatifs, la F\u00e9d\u00e9ration des chambres de commerce du Qu\u00e9bec (FCCQ) repr\u00e9sente plus de 45\u2009000\u00a0entreprises exer\u00e7ant leurs activit\u00e9s dans tous les secteurs de l\u2019\u00e9conomie et sur l\u2019ensemble du territoire qu\u00e9b\u00e9cois. Plus important r\u00e9seau de gens d\u2019affaires et d\u2019entreprises du Qu\u00e9bec, la FCCQ est \u00e0 la fois une f\u00e9d\u00e9ration de chambres de commerce et une chambre de commerce provinciale. Ses membres, qu\u2019ils soient chambres ou entreprises, poursuivent tous le m\u00eame but\u00a0: favoriser un environnement d\u2019affaires innovant et concurrentiel.<\/p>\n<p>&nbsp;<\/p>\n<p><strong>\u00c0 propos de la Chambre de commerce et d\u2019industrie Beauharnois-Valleyfield-Haut-Saint-Laurent<\/strong><\/p>\n<p>La Chambre de commerce et d\u2019industrie Beauharnois-Valleyfield-Haut-Saint-Laurent r\u00e9unit des gens d\u2019affaires dynamiques et soucieux de l\u2019ascension \u00e9conomique et sociale de leur communaut\u00e9, tout en veillant aux int\u00e9r\u00eats de ses membres, afin d\u2019assurer la prosp\u00e9rit\u00e9 et la p\u00e9rennit\u00e9 des entreprises et organismes.<\/p>\n<p>&nbsp;<\/p>\n<p><strong>Renseignements : <\/strong><\/p>\n<p>Laurent Corbeil<\/p>\n<p>Conseiller aux communications et attach\u00e9 de presse<\/p>\n<p>F\u00e9d\u00e9ration des chambres de commerce du Qu\u00e9bec<\/p>\n<p>514 844-9571 poste 3602<\/p>\n<p>514-827-3723<\/p>\n<p><a href=\"mailto:laurent.corbeil@fccq.ca\">laurent.corbeil@fccq.ca<\/a><\/p>\n<p>&nbsp;<\/p>\n<p>Lisa Fiset<\/p>\n<p>Adjointe de direction et technicienne administrative<\/p>\n<p>Chambre de commerce et d\u2019industrie Beauharnois-Valleyfield-Haut-Saint-Laurent<\/p>\n<p>450\u00a0373-8789, poste 121<\/p>\n<p>info@ccibvhsl.ca[\/vc_column_text][\/vc_column][\/vc_row]<\/p>\n","protected":false},"excerpt":{"rendered":"<p>[vc_row][vc_column][vc_single_image image=&#8221;2071&#8243; img_size=&#8221;large&#8221;][\/vc_column][\/vc_row][vc_row][vc_column][vc_column_text] PROJET DE LOI N\u00b02 SUR LES TARIFS D\u2019\u00c9LECTRICIT\u00c9 &nbsp; La hausse des tarifs d\u2019\u00e9lectricit\u00e9 limit\u00e9e \u00e0 3% doit \u00eatre \u00e9tendue aux entreprises, selon la FCCQ et la Chambre de commerce et d\u2019industrie Beauharnois-Valleyfield-Haut-Saint-Laurent \u00a0Montr\u00e9al, le 1er f\u00e9vrier 2023 \u2013 La F\u00e9d\u00e9ration des chambres de commerce du Qu\u00e9bec (FCCQ) et la Chambre de [&hellip;]<\/p>\n","protected":false},"author":1,"featured_media":0,"parent":0,"menu_order":0,"comment_status":"closed","ping_status":"closed","template":"","meta":{"footnotes":""},"class_list":["post-2067","page","type-page","status-publish","hentry"],"_links":{"self":[{"href":"https:\/\/dev.sltm.ca\/index.php?rest_route=\/wp\/v2\/pages\/2067","targetHints":{"allow":["GET"]}}],"collection":[{"href":"https:\/\/dev.sltm.ca\/index.php?rest_route=\/wp\/v2\/pages"}],"about":[{"href":"https:\/\/dev.sltm.ca\/index.php?rest_route=\/wp\/v2\/types\/page"}],"author":[{"embeddable":true,"href":"https:\/\/dev.sltm.ca\/index.php?rest_route=\/wp\/v2\/users\/1"}],"replies":[{"embeddable":true,"href":"https:\/\/dev.sltm.ca\/index.php?rest_route=%2Fwp%2Fv2%2Fcomments&post=2067"}],"version-history":[{"count":0,"href":"https:\/\/dev.sltm.ca\/index.php?rest_route=\/wp\/v2\/pages\/2067\/revisions"}],"wp:attachment":[{"href":"https:\/\/dev.sltm.ca\/index.php?rest_route=%2Fwp%2Fv2%2Fmedia&parent=2067"}],"curies":[{"name":"wp","href":"https:\/\/api.w.org\/{rel}","templated":true}]}}